{"id":309,"date":"2023-08-25T08:03:12","date_gmt":"2023-08-25T08:03:12","guid":{"rendered":"https:\/\/migustoesmezcal.com\/?page_id=309"},"modified":"2023-08-26T19:35:04","modified_gmt":"2023-08-26T19:35:04","slug":"proceso-2","status":"publish","type":"page","link":"https:\/\/migustoesmezcal.com\/index.php\/proceso-2\/","title":{"rendered":"Proceso"},"content":{"rendered":"\t\t<div data-elementor-type=\"wp-page\" data-elementor-id=\"309\" class=\"elementor elementor-309\" data-elementor-settings=\"[]\">\n\t\t\t\t\t\t<div class=\"elementor-inner\">\n\t\t\t\t\t\t\t<div class=\"elementor-section-wrap\">\n\t\t\t\t\t\t\t<section class=\"elementor-section elementor-top-section elementor-element elementor-element-b53a446 elementor-section-boxed elementor-section-height-default elementor-section-height-default\" data-id=\"b53a446\" data-element_type=\"section\">\n\t\t\t\t\t\t<div class=\"elementor-container elementor-column-gap-default\">\n\t\t\t\t\t\t\t<div class=\"elementor-row\">\n\t\t\t\t\t<div class=\"elementor-column elementor-col-100 elementor-top-column elementor-element elementor-element-14fc1ff\" data-id=\"14fc1ff\" data-element_type=\"column\">\n\t\t\t<div class=\"elementor-column-wrap\">\n\t\t\t\t\t\t\t<div class=\"elementor-widget-wrap\">\n\t\t\t\t\t\t\t\t<\/div>\n\t\t\t\t\t<\/div>\n\t\t<\/div>\n\t\t\t\t\t\t\t\t<\/div>\n\t\t\t\t\t<\/div>\n\t\t<\/section>\n\t\t\t\t<section class=\"elementor-section elementor-top-section elementor-element elementor-element-1d881db8 elementor-section-height-min-height elementor-section-content-middle elementor-section-items-stretch elementor-section-boxed elementor-section-height-default\" data-id=\"1d881db8\" data-element_type=\"section\" data-settings=\"{&quot;background_background&quot;:&quot;classic&quot;}\">\n\t\t\t\t\t\t<div class=\"elementor-container elementor-column-gap-default\">\n\t\t\t\t\t\t\t<div class=\"elementor-row\">\n\t\t\t\t\t<div class=\"elementor-column elementor-col-50 elementor-top-column elementor-element elementor-element-708e8a4a\" data-id=\"708e8a4a\" data-element_type=\"column\" data-settings=\"{&quot;background_background&quot;:&quot;classic&quot;}\">\n\t\t\t<div class=\"elementor-column-wrap elementor-element-populated\">\n\t\t\t\t\t\t\t<div class=\"elementor-widget-wrap\">\n\t\t\t\t\t\t<div class=\"elementor-element elementor-element-40d2e9aa elementor-widget elementor-widget-spacer\" data-id=\"40d2e9aa\" data-element_type=\"widget\" data-widget_type=\"spacer.default\">\n\t\t\t\t<div class=\"elementor-widget-container\">\n\t\t\t\t\t<div class=\"elementor-spacer\">\n\t\t\t<div class=\"elementor-spacer-inner\"><\/div>\n\t\t<\/div>\n\t\t\t\t<\/div>\n\t\t\t\t<\/div>\n\t\t\t\t<div class=\"elementor-element elementor-element-7a53e95 elementor-widget__width-auto elementor-absolute elementor-widget elementor-widget-image\" data-id=\"7a53e95\" data-element_type=\"widget\" data-settings=\"{&quot;_position&quot;:&quot;absolute&quot;,&quot;motion_fx_motion_fx_mouse&quot;:&quot;yes&quot;,&quot;motion_fx_mouseTrack_effect&quot;:&quot;yes&quot;,&quot;motion_fx_tilt_effect&quot;:&quot;yes&quot;,&quot;motion_fx_tilt_speed&quot;:{&quot;unit&quot;:&quot;px&quot;,&quot;size&quot;:1.2,&quot;sizes&quot;:[]},&quot;motion_fx_mouseTrack_speed&quot;:{&quot;unit&quot;:&quot;px&quot;,&quot;size&quot;:1,&quot;sizes&quot;:[]}}\" data-widget_type=\"image.default\">\n\t\t\t\t<div class=\"elementor-widget-container\">\n\t\t\t\t\t<div class=\"elementor-image\">\n\t\t\t\t\t\t\t\t\t\t<img width=\"300\" height=\"300\" src=\"https:\/\/migustoesmezcal.com\/wp-content\/uploads\/2023\/08\/Imagen-blanco-300x300.png\" class=\"attachment-medium size-medium\" alt=\"\" decoding=\"async\" loading=\"lazy\" srcset=\"https:\/\/migustoesmezcal.com\/wp-content\/uploads\/2023\/08\/Imagen-blanco-300x300.png 300w, https:\/\/migustoesmezcal.com\/wp-content\/uploads\/2023\/08\/Imagen-blanco-150x150.png 150w, https:\/\/migustoesmezcal.com\/wp-content\/uploads\/2023\/08\/Imagen-blanco-768x768.png 768w, https:\/\/migustoesmezcal.com\/wp-content\/uploads\/2023\/08\/Imagen-blanco.png 794w\" sizes=\"(max-width: 300px) 100vw, 300px\" \/>\t\t\t\t\t\t\t\t\t\t\t<\/div>\n\t\t\t\t<\/div>\n\t\t\t\t<\/div>\n\t\t\t\t\t\t<\/div>\n\t\t\t\t\t<\/div>\n\t\t<\/div>\n\t\t\t\t<div class=\"elementor-column elementor-col-50 elementor-top-column elementor-element elementor-element-184abcfc\" data-id=\"184abcfc\" data-element_type=\"column\">\n\t\t\t<div class=\"elementor-column-wrap elementor-element-populated\">\n\t\t\t\t\t\t\t<div class=\"elementor-widget-wrap\">\n\t\t\t\t\t\t<div class=\"elementor-element elementor-element-39c5265b elementor-widget elementor-widget-heading\" data-id=\"39c5265b\" data-element_type=\"widget\" data-widget_type=\"heading.default\">\n\t\t\t\t<div class=\"elementor-widget-container\">\n\t\t\t<h1 class=\"elementor-heading-title elementor-size-default\">PROCESO ARTESANAL \u201cHECHO A MANO\u201d\n<\/h1>\t\t<\/div>\n\t\t\t\t<\/div>\n\t\t\t\t<div class=\"elementor-element elementor-element-7d7fa6a elementor-widget elementor-widget-heading\" data-id=\"7d7fa6a\" data-element_type=\"widget\" data-widget_type=\"heading.default\">\n\t\t\t\t<div class=\"elementor-widget-container\">\n\t\t\t<h2 class=\"elementor-heading-title elementor-size-small\">CULTIVO:SI NO HAY MAGUEY NO HAY MEZCAL\n<\/h2>\t\t<\/div>\n\t\t\t\t<\/div>\n\t\t\t\t<div class=\"elementor-element elementor-element-b87ee90 elementor-widget elementor-widget-image\" data-id=\"b87ee90\" data-element_type=\"widget\" data-widget_type=\"image.default\">\n\t\t\t\t<div class=\"elementor-widget-container\">\n\t\t\t\t\t<div class=\"elementor-image\">\n\t\t\t\t\t\t\t\t\t\t<img width=\"300\" height=\"300\" src=\"https:\/\/migustoesmezcal.com\/wp-content\/uploads\/2023\/08\/67895689-dibujado-a-mano-de-agave-azul-ingrediente-principal-del-tequila-la-ilustracion-del-vector-del-removebg-preview-300x300.png\" class=\"attachment-medium size-medium\" alt=\"\" decoding=\"async\" loading=\"lazy\" srcset=\"https:\/\/migustoesmezcal.com\/wp-content\/uploads\/2023\/08\/67895689-dibujado-a-mano-de-agave-azul-ingrediente-principal-del-tequila-la-ilustracion-del-vector-del-removebg-preview-300x300.png 300w, https:\/\/migustoesmezcal.com\/wp-content\/uploads\/2023\/08\/67895689-dibujado-a-mano-de-agave-azul-ingrediente-principal-del-tequila-la-ilustracion-del-vector-del-removebg-preview-150x150.png 150w, https:\/\/migustoesmezcal.com\/wp-content\/uploads\/2023\/08\/67895689-dibujado-a-mano-de-agave-azul-ingrediente-principal-del-tequila-la-ilustracion-del-vector-del-removebg-preview.png 500w\" sizes=\"(max-width: 300px) 100vw, 300px\" \/>\t\t\t\t\t\t\t\t\t\t\t<\/div>\n\t\t\t\t<\/div>\n\t\t\t\t<\/div>\n\t\t\t\t<div class=\"elementor-element elementor-element-6bc5f32e elementor-widget elementor-widget-text-editor\" data-id=\"6bc5f32e\" data-element_type=\"widget\" data-widget_type=\"text-editor.default\">\n\t\t\t\t<div class=\"elementor-widget-container\">\n\t\t\t\t\t<div class=\"elementor-text-editor elementor-clearfix\"><p><span style=\"font-weight: 400;\">Todo comienza con el cultivo del maguey, se seleccionan los hijuelos m\u00e1s aptos para el campo, se prepara\u00a0 la tierra y en temporadas prontas a la lluvia se empieza con la plantaci\u00f3n, aqu\u00ed empieza el proceso de un <\/span><span style=\"font-weight: 400;\">mezcal sustentable<\/span><\/p><\/div>\n\t\t\t\t<\/div>\n\t\t\t\t<\/div>\n\t\t\t\t<div class=\"elementor-element elementor-element-f2d9fa6 elementor-widget elementor-widget-heading\" data-id=\"f2d9fa6\" data-element_type=\"widget\" data-widget_type=\"heading.default\">\n\t\t\t\t<div class=\"elementor-widget-container\">\n\t\t\t<h2 class=\"elementor-heading-title elementor-size-small\">CORTE: VAMOS A LOS CAMPOS DE MAGUEY  Y SELECCIONAMOS LO MEJOR<\/h2>\t\t<\/div>\n\t\t\t\t<\/div>\n\t\t\t\t<div class=\"elementor-element elementor-element-f4d36f3 elementor-widget elementor-widget-image\" data-id=\"f4d36f3\" data-element_type=\"widget\" data-widget_type=\"image.default\">\n\t\t\t\t<div class=\"elementor-widget-container\">\n\t\t\t\t\t<div class=\"elementor-image\">\n\t\t\t\t\t\t\t\t\t\t<img width=\"300\" height=\"300\" src=\"https:\/\/migustoesmezcal.com\/wp-content\/uploads\/2023\/08\/Harvest-2.webp\" class=\"attachment-large size-large\" alt=\"\" decoding=\"async\" loading=\"lazy\" srcset=\"https:\/\/migustoesmezcal.com\/wp-content\/uploads\/2023\/08\/Harvest-2.webp 300w, https:\/\/migustoesmezcal.com\/wp-content\/uploads\/2023\/08\/Harvest-2-150x150.webp 150w\" sizes=\"(max-width: 300px) 100vw, 300px\" \/>\t\t\t\t\t\t\t\t\t\t\t<\/div>\n\t\t\t\t<\/div>\n\t\t\t\t<\/div>\n\t\t\t\t<div class=\"elementor-element elementor-element-8423757 elementor-widget elementor-widget-text-editor\" data-id=\"8423757\" data-element_type=\"widget\" data-widget_type=\"text-editor.default\">\n\t\t\t\t<div class=\"elementor-widget-container\">\n\t\t\t\t\t<div class=\"elementor-text-editor elementor-clearfix\"><p><span style=\"font-weight: 400;\">El maguey madura aproximadamente de 8 a 10 a\u00f1os seg\u00fan la variedad si es silvestre se puede prolongar hasta 25 a\u00f1os, se cortan las pencas y las ra\u00edces para dejar \u00fanicamente el centro o pi\u00f1a finalmente lo transportamos a la f\u00e1brica de producci\u00f3n.<\/span><\/p><\/div>\n\t\t\t\t<\/div>\n\t\t\t\t<\/div>\n\t\t\t\t\t\t<\/div>\n\t\t\t\t\t<\/div>\n\t\t<\/div>\n\t\t\t\t\t\t\t\t<\/div>\n\t\t\t\t\t<\/div>\n\t\t<\/section>\n\t\t\t\t<section class=\"elementor-section elementor-top-section elementor-element elementor-element-c758b08 elementor-section-boxed elementor-section-height-default elementor-section-height-default\" data-id=\"c758b08\" data-element_type=\"section\" data-settings=\"{&quot;background_background&quot;:&quot;classic&quot;}\">\n\t\t\t\t\t\t<div class=\"elementor-container elementor-column-gap-default\">\n\t\t\t\t\t\t\t<div class=\"elementor-row\">\n\t\t\t\t\t<div class=\"elementor-column elementor-col-50 elementor-top-column elementor-element elementor-element-d394b17\" data-id=\"d394b17\" data-element_type=\"column\">\n\t\t\t<div class=\"elementor-column-wrap elementor-element-populated\">\n\t\t\t\t\t\t\t<div class=\"elementor-widget-wrap\">\n\t\t\t\t\t\t<div class=\"elementor-element elementor-element-968b2d0 elementor-widget elementor-widget-heading\" data-id=\"968b2d0\" data-element_type=\"widget\" data-widget_type=\"heading.default\">\n\t\t\t\t<div class=\"elementor-widget-container\">\n\t\t\t<h2 class=\"elementor-heading-title elementor-size-small\">COCCI\u00d3N: MANOS AL FUEGO<\/h2>\t\t<\/div>\n\t\t\t\t<\/div>\n\t\t\t\t<div class=\"elementor-element elementor-element-3a707f1 elementor-widget elementor-widget-image\" data-id=\"3a707f1\" data-element_type=\"widget\" data-widget_type=\"image.default\">\n\t\t\t\t<div class=\"elementor-widget-container\">\n\t\t\t\t\t<div class=\"elementor-image\">\n\t\t\t\t\t\t\t\t\t\t<img width=\"300\" height=\"300\" src=\"https:\/\/migustoesmezcal.com\/wp-content\/uploads\/2023\/08\/Roasting.webp\" class=\"attachment-large size-large\" alt=\"\" decoding=\"async\" loading=\"lazy\" srcset=\"https:\/\/migustoesmezcal.com\/wp-content\/uploads\/2023\/08\/Roasting.webp 300w, https:\/\/migustoesmezcal.com\/wp-content\/uploads\/2023\/08\/Roasting-150x150.webp 150w\" sizes=\"(max-width: 300px) 100vw, 300px\" \/>\t\t\t\t\t\t\t\t\t\t\t<\/div>\n\t\t\t\t<\/div>\n\t\t\t\t<\/div>\n\t\t\t\t<div class=\"elementor-element elementor-element-6f72dc1 elementor-widget elementor-widget-text-editor\" data-id=\"6f72dc1\" data-element_type=\"widget\" data-widget_type=\"text-editor.default\">\n\t\t\t\t<div class=\"elementor-widget-container\">\n\t\t\t\t\t<div class=\"elementor-text-editor elementor-clearfix\"><p><span style=\"font-weight: 400;\">Esto consiste en rajar las pi\u00f1as las cuales se acomodan dentro del horno de piedra cuando su temperatura est\u00e9 en su punto para posteriormente taparlo y dejarlo cocer entre 3 y 5 d\u00edas.<\/span><\/p><\/div>\n\t\t\t\t<\/div>\n\t\t\t\t<\/div>\n\t\t\t\t\t\t<\/div>\n\t\t\t\t\t<\/div>\n\t\t<\/div>\n\t\t\t\t<div class=\"elementor-column elementor-col-50 elementor-top-column elementor-element elementor-element-d7482da\" data-id=\"d7482da\" data-element_type=\"column\">\n\t\t\t<div class=\"elementor-column-wrap elementor-element-populated\">\n\t\t\t\t\t\t\t<div class=\"elementor-widget-wrap\">\n\t\t\t\t\t\t<div class=\"elementor-element elementor-element-977423c elementor-widget elementor-widget-heading\" data-id=\"977423c\" data-element_type=\"widget\" data-widget_type=\"heading.default\">\n\t\t\t\t<div class=\"elementor-widget-container\">\n\t\t\t<h2 class=\"elementor-heading-title elementor-size-small\">MOLIENDA  A SACAR LA MIEL \n<\/h2>\t\t<\/div>\n\t\t\t\t<\/div>\n\t\t\t\t<div class=\"elementor-element elementor-element-b8a297f elementor-widget elementor-widget-image\" data-id=\"b8a297f\" data-element_type=\"widget\" data-widget_type=\"image.default\">\n\t\t\t\t<div class=\"elementor-widget-container\">\n\t\t\t\t\t<div class=\"elementor-image\">\n\t\t\t\t\t\t\t\t\t\t<img width=\"300\" height=\"300\" src=\"https:\/\/migustoesmezcal.com\/wp-content\/uploads\/2023\/08\/Tohona-.webp\" class=\"attachment-large size-large\" alt=\"\" decoding=\"async\" loading=\"lazy\" srcset=\"https:\/\/migustoesmezcal.com\/wp-content\/uploads\/2023\/08\/Tohona-.webp 300w, https:\/\/migustoesmezcal.com\/wp-content\/uploads\/2023\/08\/Tohona--150x150.webp 150w\" sizes=\"(max-width: 300px) 100vw, 300px\" \/>\t\t\t\t\t\t\t\t\t\t\t<\/div>\n\t\t\t\t<\/div>\n\t\t\t\t<\/div>\n\t\t\t\t<div class=\"elementor-element elementor-element-460aded elementor-widget elementor-widget-text-editor\" data-id=\"460aded\" data-element_type=\"widget\" data-widget_type=\"text-editor.default\">\n\t\t\t\t<div class=\"elementor-widget-container\">\n\t\t\t\t\t<div class=\"elementor-text-editor elementor-clearfix\"><p><span style=\"font-weight: 400;\">Esto consiste en rajar las pi\u00f1as las cuales se acomodan dentro del horno de piedra cuando su temperatura est\u00e9 en su punto para posteriormente taparlo y dejarlo cocer entre 3 y 5 d\u00edas.<\/span><\/p><\/div>\n\t\t\t\t<\/div>\n\t\t\t\t<\/div>\n\t\t\t\t\t\t<\/div>\n\t\t\t\t\t<\/div>\n\t\t<\/div>\n\t\t\t\t\t\t\t\t<\/div>\n\t\t\t\t\t<\/div>\n\t\t<\/section>\n\t\t\t\t<section class=\"elementor-section elementor-top-section elementor-element elementor-element-32140ee elementor-section-boxed elementor-section-height-default elementor-section-height-default\" data-id=\"32140ee\" data-element_type=\"section\" data-settings=\"{&quot;background_background&quot;:&quot;classic&quot;}\">\n\t\t\t\t\t\t<div class=\"elementor-container elementor-column-gap-default\">\n\t\t\t\t\t\t\t<div class=\"elementor-row\">\n\t\t\t\t\t<div class=\"elementor-column elementor-col-50 elementor-top-column elementor-element elementor-element-0983149\" data-id=\"0983149\" data-element_type=\"column\">\n\t\t\t<div class=\"elementor-column-wrap elementor-element-populated\">\n\t\t\t\t\t\t\t<div class=\"elementor-widget-wrap\">\n\t\t\t\t\t\t<div class=\"elementor-element elementor-element-566b4ed elementor-widget elementor-widget-heading\" data-id=\"566b4ed\" data-element_type=\"widget\" data-widget_type=\"heading.default\">\n\t\t\t\t<div class=\"elementor-widget-container\">\n\t\t\t<h2 class=\"elementor-heading-title elementor-size-small\">FERMENTACI\u00d3N- LA MAGIA \n<\/h2>\t\t<\/div>\n\t\t\t\t<\/div>\n\t\t\t\t<div class=\"elementor-element elementor-element-8a0e41a elementor-widget elementor-widget-image\" data-id=\"8a0e41a\" data-element_type=\"widget\" data-widget_type=\"image.default\">\n\t\t\t\t<div class=\"elementor-widget-container\">\n\t\t\t\t\t<div class=\"elementor-image\">\n\t\t\t\t\t\t\t\t\t\t<img width=\"300\" height=\"300\" src=\"https:\/\/migustoesmezcal.com\/wp-content\/uploads\/2023\/08\/Fermentation.webp\" class=\"attachment-large size-large\" alt=\"\" decoding=\"async\" loading=\"lazy\" srcset=\"https:\/\/migustoesmezcal.com\/wp-content\/uploads\/2023\/08\/Fermentation.webp 300w, https:\/\/migustoesmezcal.com\/wp-content\/uploads\/2023\/08\/Fermentation-150x150.webp 150w\" sizes=\"(max-width: 300px) 100vw, 300px\" \/>\t\t\t\t\t\t\t\t\t\t\t<\/div>\n\t\t\t\t<\/div>\n\t\t\t\t<\/div>\n\t\t\t\t<div class=\"elementor-element elementor-element-c3d94c3 elementor-widget elementor-widget-text-editor\" data-id=\"c3d94c3\" data-element_type=\"widget\" data-widget_type=\"text-editor.default\">\n\t\t\t\t<div class=\"elementor-widget-container\">\n\t\t\t\t\t<div class=\"elementor-text-editor elementor-clearfix\"><p><span style=\"font-weight: 400;\">Esto consiste en rajar las pi\u00f1as las cuales se acomodan dentro del horno de piedra cuando su temperatura est\u00e9 en su punto para posteriormente taparlo y dejarlo cocer entre 3 y 5 d\u00edas.<\/span><\/p><\/div>\n\t\t\t\t<\/div>\n\t\t\t\t<\/div>\n\t\t\t\t\t\t<\/div>\n\t\t\t\t\t<\/div>\n\t\t<\/div>\n\t\t\t\t<div class=\"elementor-column elementor-col-50 elementor-top-column elementor-element elementor-element-785a8a6\" data-id=\"785a8a6\" data-element_type=\"column\">\n\t\t\t<div class=\"elementor-column-wrap elementor-element-populated\">\n\t\t\t\t\t\t\t<div class=\"elementor-widget-wrap\">\n\t\t\t\t\t\t<div class=\"elementor-element elementor-element-92b8e45 elementor-widget elementor-widget-heading\" data-id=\"92b8e45\" data-element_type=\"widget\" data-widget_type=\"heading.default\">\n\t\t\t\t<div class=\"elementor-widget-container\">\n\t\t\t<h2 class=\"elementor-heading-title elementor-size-small\">DESTILACI\u00d3N: GOTA  GOTITA DE MEZCAL\n<\/h2>\t\t<\/div>\n\t\t\t\t<\/div>\n\t\t\t\t<div class=\"elementor-element elementor-element-fae5822 elementor-widget elementor-widget-image\" data-id=\"fae5822\" data-element_type=\"widget\" data-widget_type=\"image.default\">\n\t\t\t\t<div class=\"elementor-widget-container\">\n\t\t\t\t\t<div class=\"elementor-image\">\n\t\t\t\t\t\t\t\t\t\t<img width=\"300\" height=\"300\" src=\"https:\/\/migustoesmezcal.com\/wp-content\/uploads\/2023\/08\/Distillation.webp\" class=\"attachment-large size-large\" alt=\"\" decoding=\"async\" loading=\"lazy\" srcset=\"https:\/\/migustoesmezcal.com\/wp-content\/uploads\/2023\/08\/Distillation.webp 300w, https:\/\/migustoesmezcal.com\/wp-content\/uploads\/2023\/08\/Distillation-150x150.webp 150w\" sizes=\"(max-width: 300px) 100vw, 300px\" \/>\t\t\t\t\t\t\t\t\t\t\t<\/div>\n\t\t\t\t<\/div>\n\t\t\t\t<\/div>\n\t\t\t\t<div class=\"elementor-element elementor-element-7cdd1c2 elementor-widget elementor-widget-text-editor\" data-id=\"7cdd1c2\" data-element_type=\"widget\" data-widget_type=\"text-editor.default\">\n\t\t\t\t<div class=\"elementor-widget-container\">\n\t\t\t\t\t<div class=\"elementor-text-editor elementor-clearfix\"><p><span style=\"font-weight: 400;\">Esto consiste en rajar las pi\u00f1as las cuales se acomodan dentro del horno de piedra cuando su temperatura est\u00e9 en su punto para posteriormente taparlo y dejarlo cocer entre 3 y 5 d\u00edas.<\/span><\/p><\/div>\n\t\t\t\t<\/div>\n\t\t\t\t<\/div>\n\t\t\t\t\t\t<\/div>\n\t\t\t\t\t<\/div>\n\t\t<\/div>\n\t\t\t\t\t\t\t\t<\/div>\n\t\t\t\t\t<\/div>\n\t\t<\/section>\n\t\t\t\t\t\t<\/div>\n\t\t\t\t\t\t<\/div>\n\t\t\t\t\t<\/div>\n\t\t","protected":false},"excerpt":{"rendered":"<p>PROCESO ARTESANAL \u201cHECHO A MANO\u201d CULTIVO:SI NO HAY MAGUEY NO HAY MEZCAL Todo comienza con el cultivo del maguey, se seleccionan los hijuelos m\u00e1s aptos para el campo, se prepara\u00a0 la tierra y en temporadas prontas a la lluvia se empieza con la plantaci\u00f3n, aqu\u00ed empieza el proceso de un mezcal sustentable CORTE: VAMOS A [&hellip;]<\/p>\n","protected":false},"author":1,"featured_media":0,"parent":0,"menu_order":0,"comment_status":"closed","ping_status":"closed","template":"","meta":[],"_links":{"self":[{"href":"https:\/\/migustoesmezcal.com\/index.php\/wp-json\/wp\/v2\/pages\/309"}],"collection":[{"href":"https:\/\/migustoesmezcal.com\/index.php\/wp-json\/wp\/v2\/pages"}],"about":[{"href":"https:\/\/migustoesmezcal.com\/index.php\/wp-json\/wp\/v2\/types\/page"}],"author":[{"embeddable":true,"href":"https:\/\/migustoesmezcal.com\/index.php\/wp-json\/wp\/v2\/users\/1"}],"replies":[{"embeddable":true,"href":"https:\/\/migustoesmezcal.com\/index.php\/wp-json\/wp\/v2\/comments?post=309"}],"version-history":[{"count":32,"href":"https:\/\/migustoesmezcal.com\/index.php\/wp-json\/wp\/v2\/pages\/309\/revisions"}],"predecessor-version":[{"id":522,"href":"https:\/\/migustoesmezcal.com\/index.php\/wp-json\/wp\/v2\/pages\/309\/revisions\/522"}],"wp:attachment":[{"href":"https:\/\/migustoesmezcal.com\/index.php\/wp-json\/wp\/v2\/media?parent=309"}],"curies":[{"name":"wp","href":"https:\/\/api.w.org\/{rel}","templated":true}]}}