{"id":310,"date":"2023-08-25T08:05:48","date_gmt":"2023-08-25T08:05:48","guid":{"rendered":"https:\/\/migustoesmezcal.com\/?page_id=310"},"modified":"2023-08-26T16:19:53","modified_gmt":"2023-08-26T16:19:53","slug":"sutentabilidad-mezcal-mi-gusto-es","status":"publish","type":"page","link":"https:\/\/migustoesmezcal.com\/index.php\/sutentabilidad-mezcal-mi-gusto-es\/","title":{"rendered":"sutentabilidad mezcal Mi gusto es"},"content":{"rendered":"\t\t<div data-elementor-type=\"wp-page\" data-elementor-id=\"310\" class=\"elementor elementor-310\" data-elementor-settings=\"[]\">\n\t\t\t\t\t\t<div class=\"elementor-inner\">\n\t\t\t\t\t\t\t<div class=\"elementor-section-wrap\">\n\t\t\t\t\t\t\t<section class=\"elementor-section elementor-top-section elementor-element elementor-element-95ef5e1 elementor-section-height-full elementor-section-boxed elementor-section-height-default elementor-section-items-middle\" data-id=\"95ef5e1\" data-element_type=\"section\" data-settings=\"{&quot;background_background&quot;:&quot;classic&quot;}\">\n\t\t\t\t\t\t\t<div class=\"elementor-background-overlay\"><\/div>\n\t\t\t\t\t\t\t<div class=\"elementor-container elementor-column-gap-default\">\n\t\t\t\t\t\t\t<div class=\"elementor-row\">\n\t\t\t\t\t<div class=\"elementor-column elementor-col-100 elementor-top-column elementor-element elementor-element-466289c\" data-id=\"466289c\" data-element_type=\"column\">\n\t\t\t<div class=\"elementor-column-wrap elementor-element-populated\">\n\t\t\t\t\t\t\t<div class=\"elementor-widget-wrap\">\n\t\t\t\t\t\t<div class=\"elementor-element elementor-element-3f1eeed elementor-widget elementor-widget-spacer\" data-id=\"3f1eeed\" data-element_type=\"widget\" data-widget_type=\"spacer.default\">\n\t\t\t\t<div class=\"elementor-widget-container\">\n\t\t\t\t\t<div class=\"elementor-spacer\">\n\t\t\t<div class=\"elementor-spacer-inner\"><\/div>\n\t\t<\/div>\n\t\t\t\t<\/div>\n\t\t\t\t<\/div>\n\t\t\t\t<div class=\"elementor-element elementor-element-0932b8b elementor-widget elementor-widget-heading\" data-id=\"0932b8b\" data-element_type=\"widget\" data-widget_type=\"heading.default\">\n\t\t\t\t<div class=\"elementor-widget-container\">\n\t\t\t<h1 class=\"elementor-heading-title elementor-size-medium\">MEZCAL SUSTENTABLE\n<\/h1>\t\t<\/div>\n\t\t\t\t<\/div>\n\t\t\t\t<div class=\"elementor-element elementor-element-3918cbb elementor-widget elementor-widget-spacer\" data-id=\"3918cbb\" data-element_type=\"widget\" data-widget_type=\"spacer.default\">\n\t\t\t\t<div class=\"elementor-widget-container\">\n\t\t\t\t\t<div class=\"elementor-spacer\">\n\t\t\t<div class=\"elementor-spacer-inner\"><\/div>\n\t\t<\/div>\n\t\t\t\t<\/div>\n\t\t\t\t<\/div>\n\t\t\t\t<div class=\"elementor-element elementor-element-235eec6 elementor-widget elementor-widget-heading\" data-id=\"235eec6\" data-element_type=\"widget\" data-widget_type=\"heading.default\">\n\t\t\t\t<div class=\"elementor-widget-container\">\n\t\t\t<h2 class=\"elementor-heading-title elementor-size-small\">SUSTENTABILIDAD\n<\/h2>\t\t<\/div>\n\t\t\t\t<\/div>\n\t\t\t\t<div class=\"elementor-element elementor-element-c8723d3 elementor-widget elementor-widget-text-editor\" data-id=\"c8723d3\" data-element_type=\"widget\" data-widget_type=\"text-editor.default\">\n\t\t\t\t<div class=\"elementor-widget-container\">\n\t\t\t\t\t<div class=\"elementor-text-editor elementor-clearfix\"><p><span style=\"font-weight: 400;\">La nueva generaci\u00f3n de maestros mezcaleros demuestra la importancia de compartir, ofrecer y\u00a0 resguardar la herencia de los viejos, obtener solo lo que la tierra brinda sin abusar y siendo respetuosa con ella.<\/span><\/p><\/div>\n\t\t\t\t<\/div>\n\t\t\t\t<\/div>\n\t\t\t\t<div class=\"elementor-element elementor-element-f5b6f34 elementor-widget elementor-widget-heading\" data-id=\"f5b6f34\" data-element_type=\"widget\" data-widget_type=\"heading.default\">\n\t\t\t\t<div class=\"elementor-widget-container\">\n\t\t\t<h2 class=\"elementor-heading-title elementor-size-small\">CULTIVO DE MAGUEY<\/h2>\t\t<\/div>\n\t\t\t\t<\/div>\n\t\t\t\t<div class=\"elementor-element elementor-element-d74baa8 elementor-widget elementor-widget-text-editor\" data-id=\"d74baa8\" data-element_type=\"widget\" data-widget_type=\"text-editor.default\">\n\t\t\t\t<div class=\"elementor-widget-container\">\n\t\t\t\t\t<div class=\"elementor-text-editor elementor-clearfix\"><p><span style=\"font-weight: 400;\">Se obtiene en peque\u00f1as parcelas agroforestales en donde hace juego con el ma\u00edz, frijol y calabaza con especies end\u00e9micas nopales,tunillos, mezquites, huizache, guajes que hacen diversa la producci\u00f3n generando beneficios ecol\u00f3gicos.\u00a0<\/span><\/p><\/div>\n\t\t\t\t<\/div>\n\t\t\t\t<\/div>\n\t\t\t\t<div class=\"elementor-element elementor-element-ee9da01 elementor-widget elementor-widget-heading\" data-id=\"ee9da01\" data-element_type=\"widget\" data-widget_type=\"heading.default\">\n\t\t\t\t<div class=\"elementor-widget-container\">\n\t\t\t<h2 class=\"elementor-heading-title elementor-size-small\">PR\u00c1CTICAS SUSTENTABLES<\/h2>\t\t<\/div>\n\t\t\t\t<\/div>\n\t\t\t\t<div class=\"elementor-element elementor-element-94ed679 elementor-widget elementor-widget-text-editor\" data-id=\"94ed679\" data-element_type=\"widget\" data-widget_type=\"text-editor.default\">\n\t\t\t\t<div class=\"elementor-widget-container\">\n\t\t\t\t\t<div class=\"elementor-text-editor elementor-clearfix\"><p><span style=\"font-weight: 400;\">Acciones como el compostaje, la recolecci\u00f3n de agua pluvial, siembra intercalada, abono de maguey otorga una gesti\u00f3n\u00a0 eficiente y consistentemente de los recursos naturales\u00a0<\/span><\/p><\/div>\n\t\t\t\t<\/div>\n\t\t\t\t<\/div>\n\t\t\t\t<div class=\"elementor-element elementor-element-e93f087 elementor-widget elementor-widget-spacer\" data-id=\"e93f087\" data-element_type=\"widget\" data-widget_type=\"spacer.default\">\n\t\t\t\t<div class=\"elementor-widget-container\">\n\t\t\t\t\t<div class=\"elementor-spacer\">\n\t\t\t<div class=\"elementor-spacer-inner\"><\/div>\n\t\t<\/div>\n\t\t\t\t<\/div>\n\t\t\t\t<\/div>\n\t\t\t\t\t\t<\/div>\n\t\t\t\t\t<\/div>\n\t\t<\/div>\n\t\t\t\t\t\t\t\t<\/div>\n\t\t\t\t\t<\/div>\n\t\t<\/section>\n\t\t\t\t\t\t<\/div>\n\t\t\t\t\t\t<\/div>\n\t\t\t\t\t<\/div>\n\t\t","protected":false},"excerpt":{"rendered":"<p>MEZCAL SUSTENTABLE SUSTENTABILIDAD La nueva generaci\u00f3n de maestros mezcaleros demuestra la importancia de compartir, ofrecer y\u00a0 resguardar la herencia de los viejos, obtener solo lo que la tierra brinda sin abusar y siendo respetuosa con ella. CULTIVO DE MAGUEY Se obtiene en peque\u00f1as parcelas agroforestales en donde hace juego con el ma\u00edz, frijol y calabaza [&hellip;]<\/p>\n","protected":false},"author":1,"featured_media":0,"parent":0,"menu_order":0,"comment_status":"closed","ping_status":"closed","template":"","meta":[],"_links":{"self":[{"href":"https:\/\/migustoesmezcal.com\/index.php\/wp-json\/wp\/v2\/pages\/310"}],"collection":[{"href":"https:\/\/migustoesmezcal.com\/index.php\/wp-json\/wp\/v2\/pages"}],"about":[{"href":"https:\/\/migustoesmezcal.com\/index.php\/wp-json\/wp\/v2\/types\/page"}],"author":[{"embeddable":true,"href":"https:\/\/migustoesmezcal.com\/index.php\/wp-json\/wp\/v2\/users\/1"}],"replies":[{"embeddable":true,"href":"https:\/\/migustoesmezcal.com\/index.php\/wp-json\/wp\/v2\/comments?post=310"}],"version-history":[{"count":44,"href":"https:\/\/migustoesmezcal.com\/index.php\/wp-json\/wp\/v2\/pages\/310\/revisions"}],"predecessor-version":[{"id":428,"href":"https:\/\/migustoesmezcal.com\/index.php\/wp-json\/wp\/v2\/pages\/310\/revisions\/428"}],"wp:attachment":[{"href":"https:\/\/migustoesmezcal.com\/index.php\/wp-json\/wp\/v2\/media?parent=310"}],"curies":[{"name":"wp","href":"https:\/\/api.w.org\/{rel}","templated":true}]}}